{"id":378,"date":"2023-04-06T07:54:26","date_gmt":"2023-04-06T07:54:26","guid":{"rendered":"https:\/\/reich.flaemingwerbung.de\/test\/?page_id=378"},"modified":"2023-04-06T08:31:10","modified_gmt":"2023-04-06T08:31:10","slug":"impressum","status":"publish","type":"page","link":"https:\/\/www.a-reich.de\/index.php\/impressum\/","title":{"rendered":"Impressum"},"content":{"rendered":"<p>[et_pb_section fb_built=&#8220;1&#8243; _builder_version=&#8220;4.20.4&#8243; _module_preset=&#8220;default&#8220; global_colors_info=&#8220;{}&#8220;][et_pb_row _builder_version=&#8220;4.20.4&#8243; _module_preset=&#8220;default&#8220; global_colors_info=&#8220;{}&#8220;][et_pb_column type=&#8220;4_4&#8243; _builder_version=&#8220;4.20.4&#8243; _module_preset=&#8220;default&#8220; global_colors_info=&#8220;{}&#8220;][et_pb_text _builder_version=&#8220;4.20.4&#8243; _module_preset=&#8220;default&#8220; hover_enabled=&#8220;0&#8243; global_colors_info=&#8220;{}&#8220; sticky_enabled=&#8220;0&#8243;]<\/p>\n<h1>Impressum<\/h1>\n<p><strong><\/strong><\/p>\n<p><strong>Herausgeber<\/strong><\/p>\n<p>A. Reich GmbH J\u00fcterbog<br \/>Gr\u00fcnaer Weg 10<br \/>14913 J\u00fcterbog<br \/>Deutschland<\/p>\n<p>Telefon: 03372 \/ 404677<br \/>Fax: 03372 \/ 404679<br \/><span id=\"cloakd2efc7ff65d28ca4db209c09d9f6b8ca\"><a href=\"mailto:info@a-reich.com\">info@a-reich.com<\/a><\/span><\/p>\n<p>Sitz der Gesellschaft ist J\u00fcterbog. Die Gesellschaft ist eingetragen beim Registergericht Potsdam unter HRB-Nr. 4726.<br \/>Umsatzsteuer-ID-Nr.: DE 138 60 16 41<\/p>\n<p>Gesch\u00e4ftsf\u00fchrer: Udo Reich<\/p>\n<p>Erlaubnisbeh\u00f6rde f\u00fcr die Fahrschule gem. \u00a7 50 FahrlG und den Verkehr mit Mietwagen nach \u00a7 49 PBefG (Personenbef\u00f6rderungsgesetz) ist das Stra\u00dfenverkehrsamt Teltow-Fl\u00e4ming in Zossen.<\/p>\n<p>Erlaubnisbeh\u00f6rde f\u00fcr den gewerblichen G\u00fcterkraftverkehr nach \u00a7 3 G\u00fcterkraftverkehrsgesetz (G\u00fcKG) ist das Landesamt f\u00fcr Bauen, Verkehr und Stra\u00dfenwesen.<\/p>\n<p>Erlaubnisbeh\u00f6rde f\u00fcr die Genehmigung zur Ausf\u00fchrung von Ausflugsfahrten mit Kraftomnibussen nach \u00a7 48 Abs. 1 PBefG, den Verkehr mit Mietomnibussen nach \u00a7 49 PBefG, die Ausf\u00fchrung von Ferienziel-Reisen nach \u00a7 48 Abs. 2 PBefG sowie f\u00fcr die Einrichtung und den Betrieb eines Linienverkehrs mit Kraftfahrzeugen nach \u00a7 42 PBefG ist das Landesamt f\u00fcr Bauen, Verkehr und Stra\u00dfenwesen.<\/p>\n<p>Erlaubnisbeh\u00f6rde gem. \u00a7 54 KrWG (Kreislaufwirtschaftsgesetz) f\u00fcr das Sammeln, Bef\u00f6rdern, Handeln und Makeln von gef\u00e4hrlichen Abf\u00e4llen ist die SBB Sonderabfallgesellschaft Brandenburg\/Berlin mbH.<\/p>\n<p><strong>Haftungsausschluss<\/strong><\/p>\n<p>Die A. Reich GmbH J\u00fcterbog pr\u00fcft und aktualisiert die Informationen auf dieser Website st\u00e4ndig. Trotz aller Sorgfalt k\u00f6nnen sich die Daten inzwischen ver\u00e4ndert haben. Eine Gew\u00e4hr f\u00fcr die Aktualit\u00e4t, Richtigkeit und Vollst\u00e4ndigkeit der zur Verf\u00fcgung gestellten Informationen kann daher nicht \u00fcbernommen werden. Jegliche Haftung f\u00fcr Sch\u00e4den, die direkt oder indirekt aus der Benutzung dieser Website entstehen, wird ausgeschlossen, soweit diese nicht auf Vorsatz oder grober Fahrl\u00e4ssigkeit beruhen. Gleiches gilt auch f\u00fcr alle anderen Websites, auf die mittels Hyperlink verwiesen wird. Die A. Reich GmbH J\u00fcterbog ist f\u00fcr den Inhalt der Websites, die aufgrund einer solchen Verbindung erreicht werden, nicht verantwortlich.<br \/>Des Weiteren beh\u00e4lt sich die A. Reich GmbH J\u00fcterbog das Recht vor, \u00c4nderungen oder Erg\u00e4nzungen der bereitgestellten Informationen vorzunehmen.<\/p>\n<p><strong>Copyright<\/strong><\/p>\n<p>Der Inhalt (Texte, Bilder, Grafiken, Ton, Videos und Animationen) dieser Website ist urheberrechtlich gesch\u00fctzt.<br \/>Soweit nicht ausdr\u00fccklich anders angegeben, darf dieser ausschlie\u00dflich f\u00fcr private Zwecke kopiert, weitergegeben oder anderweitig genutzt werden, sofern die Quelle ausdr\u00fccklich genannt und die entsprechenden gesetzlichen Bestimmungen zum Schutz des Urheberrechts eingehalten werden.<\/p>\n<p><strong>Rechtswirksamkeit dieses Haftungsausschlusses<\/strong><\/p>\n<p>Dieser Haftungsausschluss ist als Teil des Internetangebotes zu betrachten, von dem aus auf diese Seite verwiesen wurde. Sofern Teile oder einzelne Formulierungen dieses Textes der geltenden Rechtslage nicht, nicht mehr oder nicht vollst\u00e4ndig entsprechen sollten, bleiben die \u00fcbrigen Teile des Dokumentes in ihrem Inhalt und ihrer G\u00fcltigkeit davon unber\u00fchrt.<\/p>\n<p>Es gelten die allgemeinen Gesch\u00e4ftsbedingungen der A. Reich GmbH J\u00fcterbog. (Nachzulesen im Downloadbereich)<\/p>\n<p><strong><br \/>Bildrechte<\/strong><\/p>\n<p>Die auf dieser Internetseite ver\u00f6ffentlichten Bilder entstammen zumeist dem Fotoarchiv der Firma A. Reich GmbH J\u00fcterbog.<br \/><strong>Fotolia<\/strong> \u00a9 A_Bruno<br \/><strong>Artisteer<\/strong> Fotoarchiv<\/p>\n<p>Die jeweiligen Bildrechte liegen bei den Urhebern.<\/p>\n<p>[\/et_pb_text][\/et_pb_column][\/et_pb_row][\/et_pb_section]<\/p>\n","protected":false},"excerpt":{"rendered":"<p>Impressum Herausgeber A. Reich GmbH J\u00fcterbogGr\u00fcnaer Weg 1014913 J\u00fcterbogDeutschland Telefon: 03372 \/ 404677Fax: 03372 \/ 404679info@a-reich.com Sitz der Gesellschaft ist J\u00fcterbog. Die Gesellschaft ist eingetragen beim Registergericht Potsdam unter HRB-Nr. [&hellip;]<\/p>\n","protected":false},"author":1,"featured_media":0,"parent":0,"menu_order":0,"comment_status":"closed","ping_status":"closed","template":"","meta":{"_et_pb_use_builder":"on","_et_pb_old_content":"","_et_gb_content_width":"","footnotes":""},"class_list":["post-378","page","type-page","status-publish","hentry"],"_links":{"self":[{"href":"https:\/\/www.a-reich.de\/index.php\/wp-json\/wp\/v2\/pages\/378","targetHints":{"allow":["GET"]}}],"collection":[{"href":"https:\/\/www.a-reich.de\/index.php\/wp-json\/wp\/v2\/pages"}],"about":[{"href":"https:\/\/www.a-reich.de\/index.php\/wp-json\/wp\/v2\/types\/page"}],"author":[{"embeddable":true,"href":"https:\/\/www.a-reich.de\/index.php\/wp-json\/wp\/v2\/users\/1"}],"replies":[{"embeddable":true,"href":"https:\/\/www.a-reich.de\/index.php\/wp-json\/wp\/v2\/comments?post=378"}],"version-history":[{"count":4,"href":"https:\/\/www.a-reich.de\/index.php\/wp-json\/wp\/v2\/pages\/378\/revisions"}],"predecessor-version":[{"id":388,"href":"https:\/\/www.a-reich.de\/index.php\/wp-json\/wp\/v2\/pages\/378\/revisions\/388"}],"wp:attachment":[{"href":"https:\/\/www.a-reich.de\/index.php\/wp-json\/wp\/v2\/media?parent=378"}],"curies":[{"name":"wp","href":"https:\/\/api.w.org\/{rel}","templated":true}]}}