{"id":275,"date":"2023-03-28T08:48:19","date_gmt":"2023-03-28T08:48:19","guid":{"rendered":"https:\/\/reich.flaemingwerbung.de\/test\/?page_id=275"},"modified":"2023-03-28T08:59:58","modified_gmt":"2023-03-28T08:59:58","slug":"taxi-krankenfahrten","status":"publish","type":"page","link":"https:\/\/www.a-reich.de\/index.php\/taxi-krankenfahrten\/","title":{"rendered":"Taxi \/ Krankenfahrten"},"content":{"rendered":"<p>[et_pb_section fb_built=&#8220;1&#8243; _builder_version=&#8220;4.20.2&#8243; _module_preset=&#8220;default&#8220; custom_padding=&#8220;3px||0px|||&#8220; global_colors_info=&#8220;{}&#8220;][et_pb_row _builder_version=&#8220;4.20.2&#8243; _module_preset=&#8220;default&#8220; custom_padding=&#8220;1px||0px|||&#8220; global_colors_info=&#8220;{}&#8220;][et_pb_column type=&#8220;4_4&#8243; _builder_version=&#8220;4.20.2&#8243; _module_preset=&#8220;default&#8220; global_colors_info=&#8220;{}&#8220;][et_pb_slider _builder_version=&#8220;4.20.2&#8243; _module_preset=&#8220;default&#8220; custom_padding=&#8220;172px|||||&#8220; auto=&#8220;on&#8220; hover_enabled=&#8220;0&#8243; global_colors_info=&#8220;{}&#8220; sticky_enabled=&#8220;0&#8243;][et_pb_slide _builder_version=&#8220;4.20.2&#8243; _module_preset=&#8220;default&#8220; background_enable_color=&#8220;off&#8220; background_image=&#8220;https:\/\/www.a-reich.de\/wp-content\/uploads\/2023\/03\/slider_taxi_2.jpg&#8220; background_enable_image=&#8220;on&#8220; background_size=&#8220;initial&#8220; hover_enabled=&#8220;0&#8243; background_last_edited=&#8220;on|phone&#8220; background_size_tablet=&#8220;contain&#8220; global_colors_info=&#8220;{}&#8220; sticky_transition=&#8220;on&#8220; title_text=&#8220;slider_taxi_2&#8243; sticky_enabled=&#8220;0&#8243;][\/et_pb_slide][et_pb_slide _builder_version=&#8220;4.20.2&#8243; _module_preset=&#8220;default&#8220; background_enable_color=&#8220;off&#8220; background_image=&#8220;https:\/\/www.a-reich.de\/wp-content\/uploads\/2023\/03\/slider_taxi_3-1.jpg&#8220; background_enable_image=&#8220;on&#8220; background_size=&#8220;initial&#8220; hover_enabled=&#8220;0&#8243; background_last_edited=&#8220;on|desktop&#8220; background_size_tablet=&#8220;contain&#8220; global_colors_info=&#8220;{}&#8220; sticky_transition=&#8220;on&#8220; title_text=&#8220;slider_taxi_3&#8243; sticky_enabled=&#8220;0&#8243;][\/et_pb_slide][\/et_pb_slider][\/et_pb_column][\/et_pb_row][\/et_pb_section][et_pb_section fb_built=&#8220;1&#8243; _builder_version=&#8220;4.20.2&#8243; _module_preset=&#8220;default&#8220; custom_padding=&#8220;4px||26px|||&#8220; global_colors_info=&#8220;{}&#8220;][et_pb_row _builder_version=&#8220;4.20.2&#8243; _module_preset=&#8220;default&#8220; global_colors_info=&#8220;{}&#8220;][et_pb_column type=&#8220;4_4&#8243; _builder_version=&#8220;4.20.2&#8243; _module_preset=&#8220;default&#8220; global_colors_info=&#8220;{}&#8220;][et_pb_blurb title=&#8220;Taxi \/ Krankenfahrten&#8220; content_max_width=&#8220;1000px&#8220; content_max_width_tablet=&#8220;600px&#8220; content_max_width_phone=&#8220;600px&#8220; content_max_width_last_edited=&#8220;on|phone&#8220; _builder_version=&#8220;4.20.2&#8243; _module_preset=&#8220;default&#8220; header_level=&#8220;h1&#8243; header_font=&#8220;|||on|||||&#8220; header_text_align=&#8220;center&#8220; custom_margin=&#8220;||-61px|||&#8220; hover_enabled=&#8220;0&#8243; global_colors_info=&#8220;{}&#8220; sticky_enabled=&#8220;0&#8243;]<\/p>\n<div><\/div>\n<div style=\"text-align: center;\">\n<hr \/>\n<\/div>\n<ul><\/ul>\n<p>[\/et_pb_blurb][\/et_pb_column][\/et_pb_row][et_pb_row _builder_version=&#8220;4.20.2&#8243; _module_preset=&#8220;default&#8220; custom_padding=&#8220;||25px|||&#8220; hover_enabled=&#8220;0&#8243; global_colors_info=&#8220;{}&#8220; sticky_enabled=&#8220;0&#8243;][et_pb_column type=&#8220;4_4&#8243; _builder_version=&#8220;4.20.2&#8243; _module_preset=&#8220;default&#8220; global_colors_info=&#8220;{}&#8220;][et_pb_blurb content_max_width=&#8220;1000px&#8220; content_max_width_tablet=&#8220;600px&#8220; content_max_width_phone=&#8220;600px&#8220; content_max_width_last_edited=&#8220;on|phone&#8220; _builder_version=&#8220;4.20.2&#8243; _module_preset=&#8220;default&#8220; header_level=&#8220;h1&#8243; header_font=&#8220;|||on|||||&#8220; header_text_align=&#8220;center&#8220; custom_margin=&#8220;||16px|||&#8220; hover_enabled=&#8220;0&#8243; global_colors_info=&#8220;{}&#8220; sticky_enabled=&#8220;0&#8243;]<\/p>\n<ul>\n<li>Durch uns wird die Personenbef\u00f6rderung mit PKW`s und Kleinbussen bis 8 Personen durchgef\u00fchrt, wobei haupts\u00e4chlich die Bef\u00f6rderung von Einzelpersonen oder Kleingruppen auf Anfrage erfolgt.<\/li>\n<li>Weiterhin erledigen wir Krankenfahrten gem\u00e4\u00df \u00a7 133 SGB V im Auftrage verschiedener Krankenkassen.<\/li>\n<\/ul>\n<p>Ob Arztbesuch, Reha-Ma\u00dfnahmen oder Krankenhausaufenthalte zur Dialyse oder Bestrahlung, wir fahren Sie bequem und sicher und beraten Sie dazu gern.<\/p>\n<p>[\/et_pb_blurb][\/et_pb_column][\/et_pb_row][et_pb_row _builder_version=&#8220;4.20.2&#8243; _module_preset=&#8220;default&#8220; hover_enabled=&#8220;0&#8243; global_colors_info=&#8220;{}&#8220; column_structure=&#8220;1_4,1_2,1_4&#8243; sticky_enabled=&#8220;0&#8243; module_alignment=&#8220;center&#8220;][et_pb_column type=&#8220;1_4&#8243; _builder_version=&#8220;4.20.2&#8243; _module_preset=&#8220;default&#8220; global_colors_info=&#8220;{}&#8220;][\/et_pb_column][et_pb_column type=&#8220;1_2&#8243; _builder_version=&#8220;4.20.2&#8243; _module_preset=&#8220;default&#8220; global_colors_info=&#8220;{}&#8220;][et_pb_gallery _builder_version=&#8220;4.20.2&#8243; _module_preset=&#8220;default&#8220; posts_number=&#8220;2&#8243; module_alignment=&#8220;center&#8220; gallery_ids=&#8220;231,232&#8243; show_title_and_caption=&#8220;off&#8220; show_pagination=&#8220;off&#8220; zoom_icon_color=&#8220;RGBA(255,255,255,0)&#8220; hover_enabled=&#8220;0&#8243; sticky_enabled=&#8220;0&#8243; hover_overlay_color=&#8220;RGBA(255,255,255,0)&#8220;][\/et_pb_gallery][\/et_pb_column][et_pb_column type=&#8220;1_4&#8243; _builder_version=&#8220;4.20.2&#8243; _module_preset=&#8220;default&#8220; global_colors_info=&#8220;{}&#8220;][\/et_pb_column][\/et_pb_row][\/et_pb_section]<\/p>\n","protected":false},"excerpt":{"rendered":"<p>Durch uns wird die Personenbef\u00f6rderung mit PKW`s und Kleinbussen bis 8 Personen durchgef\u00fchrt, wobei haupts\u00e4chlich die Bef\u00f6rderung von Einzelpersonen oder Kleingruppen auf Anfrage erfolgt. Weiterhin erledigen wir Krankenfahrten gem\u00e4\u00df \u00a7 [&hellip;]<\/p>\n","protected":false},"author":1,"featured_media":0,"parent":0,"menu_order":0,"comment_status":"closed","ping_status":"closed","template":"","meta":{"_et_pb_use_builder":"on","_et_pb_old_content":"","_et_gb_content_width":"","footnotes":""},"class_list":["post-275","page","type-page","status-publish","hentry"],"_links":{"self":[{"href":"https:\/\/www.a-reich.de\/index.php\/wp-json\/wp\/v2\/pages\/275","targetHints":{"allow":["GET"]}}],"collection":[{"href":"https:\/\/www.a-reich.de\/index.php\/wp-json\/wp\/v2\/pages"}],"about":[{"href":"https:\/\/www.a-reich.de\/index.php\/wp-json\/wp\/v2\/types\/page"}],"author":[{"embeddable":true,"href":"https:\/\/www.a-reich.de\/index.php\/wp-json\/wp\/v2\/users\/1"}],"replies":[{"embeddable":true,"href":"https:\/\/www.a-reich.de\/index.php\/wp-json\/wp\/v2\/comments?post=275"}],"version-history":[{"count":4,"href":"https:\/\/www.a-reich.de\/index.php\/wp-json\/wp\/v2\/pages\/275\/revisions"}],"predecessor-version":[{"id":284,"href":"https:\/\/www.a-reich.de\/index.php\/wp-json\/wp\/v2\/pages\/275\/revisions\/284"}],"wp:attachment":[{"href":"https:\/\/www.a-reich.de\/index.php\/wp-json\/wp\/v2\/media?parent=275"}],"curies":[{"name":"wp","href":"https:\/\/api.w.org\/{rel}","templated":true}]}}