{"id":205,"date":"2023-03-20T09:17:55","date_gmt":"2023-03-20T09:17:55","guid":{"rendered":"https:\/\/reich.flaemingwerbung.de\/test\/?page_id=205"},"modified":"2023-03-20T09:40:55","modified_gmt":"2023-03-20T09:40:55","slug":"fahrschule","status":"publish","type":"page","link":"https:\/\/www.a-reich.de\/index.php\/fahrschule\/","title":{"rendered":"Fahrschule"},"content":{"rendered":"<p>[et_pb_section fb_built=&#8220;1&#8243; _builder_version=&#8220;4.20.2&#8243; _module_preset=&#8220;default&#8220; custom_padding=&#8220;3px||0px|||&#8220; global_colors_info=&#8220;{}&#8220;][et_pb_row _builder_version=&#8220;4.20.2&#8243; _module_preset=&#8220;default&#8220; custom_padding=&#8220;1px||0px|||&#8220; global_colors_info=&#8220;{}&#8220;][et_pb_column type=&#8220;4_4&#8243; _builder_version=&#8220;4.20.2&#8243; _module_preset=&#8220;default&#8220; global_colors_info=&#8220;{}&#8220;][et_pb_slider _builder_version=&#8220;4.20.2&#8243; _module_preset=&#8220;default&#8220; custom_padding=&#8220;172px|||||&#8220; auto=&#8220;on&#8220; hover_enabled=&#8220;0&#8243; global_colors_info=&#8220;{}&#8220; sticky_enabled=&#8220;0&#8243;][et_pb_slide _builder_version=&#8220;4.20.2&#8243; _module_preset=&#8220;default&#8220; background_enable_color=&#8220;off&#8220; background_image=&#8220;https:\/\/www.a-reich.de\/wp-content\/uploads\/2023\/03\/slider_fahrschule_2.jpg&#8220; background_enable_image=&#8220;on&#8220; background_size=&#8220;initial&#8220; hover_enabled=&#8220;0&#8243; background_last_edited=&#8220;on|phone&#8220; background_size_tablet=&#8220;contain&#8220; global_colors_info=&#8220;{}&#8220; sticky_transition=&#8220;on&#8220; title_text=&#8220;slider_fahrschule_2&#8243; sticky_enabled=&#8220;0&#8243;][\/et_pb_slide][et_pb_slide _builder_version=&#8220;4.20.2&#8243; _module_preset=&#8220;default&#8220; background_enable_color=&#8220;off&#8220; background_image=&#8220;https:\/\/www.a-reich.de\/wp-content\/uploads\/2023\/03\/slider_fahrschule_3.jpg&#8220; background_enable_image=&#8220;on&#8220; background_size=&#8220;initial&#8220; hover_enabled=&#8220;0&#8243; background_last_edited=&#8220;on|desktop&#8220; background_size_tablet=&#8220;contain&#8220; global_colors_info=&#8220;{}&#8220; sticky_transition=&#8220;on&#8220; title_text=&#8220;slider_fahrschule_3&#8243; sticky_enabled=&#8220;0&#8243;][\/et_pb_slide][et_pb_slide _builder_version=&#8220;4.20.2&#8243; _module_preset=&#8220;default&#8220; background_enable_color=&#8220;off&#8220; background_image=&#8220;https:\/\/www.a-reich.de\/wp-content\/uploads\/2023\/03\/slider_fahrschule_1-1.jpg&#8220; background_enable_image=&#8220;on&#8220; background_size=&#8220;initial&#8220; hover_enabled=&#8220;0&#8243; background_last_edited=&#8220;on|desktop&#8220; background_size_tablet=&#8220;contain&#8220; global_colors_info=&#8220;{}&#8220; sticky_transition=&#8220;on&#8220; title_text=&#8220;slider_fahrschule_1&#8243; sticky_enabled=&#8220;0&#8243;][\/et_pb_slide][\/et_pb_slider][\/et_pb_column][\/et_pb_row][\/et_pb_section][et_pb_section fb_built=&#8220;1&#8243; _builder_version=&#8220;4.20.2&#8243; _module_preset=&#8220;default&#8220; custom_padding=&#8220;4px||26px|||&#8220; global_colors_info=&#8220;{}&#8220;][et_pb_row _builder_version=&#8220;4.20.2&#8243; _module_preset=&#8220;default&#8220; global_colors_info=&#8220;{}&#8220;][et_pb_column type=&#8220;4_4&#8243; _builder_version=&#8220;4.20.2&#8243; _module_preset=&#8220;default&#8220; global_colors_info=&#8220;{}&#8220;][et_pb_blurb title=&#8220;Fahrschule&#8220; content_max_width=&#8220;1000px&#8220; content_max_width_tablet=&#8220;600px&#8220; content_max_width_phone=&#8220;600px&#8220; content_max_width_last_edited=&#8220;on|phone&#8220; _builder_version=&#8220;4.20.2&#8243; _module_preset=&#8220;default&#8220; header_level=&#8220;h1&#8243; header_font=&#8220;|||on|||||&#8220; header_text_align=&#8220;center&#8220; custom_margin=&#8220;||-61px|||&#8220; hover_enabled=&#8220;0&#8243; global_colors_info=&#8220;{}&#8220; sticky_enabled=&#8220;0&#8243;]<\/p>\n<div><\/div>\n<div style=\"text-align: center;\">\n<hr \/>\n<\/div>\n<ul><\/ul>\n<p>[\/et_pb_blurb][\/et_pb_column][\/et_pb_row][et_pb_row column_structure=&#8220;3_5,2_5&#8243; _builder_version=&#8220;4.20.2&#8243; _module_preset=&#8220;default&#8220; global_colors_info=&#8220;{}&#8220;][et_pb_column type=&#8220;3_5&#8243; _builder_version=&#8220;4.20.2&#8243; _module_preset=&#8220;default&#8220; global_colors_info=&#8220;{}&#8220;][et_pb_blurb content_max_width=&#8220;1000px&#8220; content_max_width_tablet=&#8220;600px&#8220; content_max_width_phone=&#8220;600px&#8220; content_max_width_last_edited=&#8220;on|phone&#8220; _builder_version=&#8220;4.20.2&#8243; _module_preset=&#8220;default&#8220; header_level=&#8220;h1&#8243; header_font=&#8220;|||on|||||&#8220; header_text_align=&#8220;center&#8220; global_colors_info=&#8220;{}&#8220;]<\/p>\n<ul>\n<li>Wir bieten die Ausbildung zum Erwerb des F\u00fchrerscheines in allen Klassen (A, B, BE, C\/CE, T und D) an.<\/li>\n<li>Auch das \u201eBegleitendes Fahren &#8211; der F\u00fchrerschein mit 17\u201d, die Umschreibung ausl\u00e4ndischer F\u00fchrerscheine sowie die Wiedererteilung einer Fahrerlaubnis geh\u00f6rt zu unseren Aufgaben.<\/li>\n<li>Die Ausbildung erfolgt mit insgesamt 14 Ausbildungsfahrzeugen.<\/li>\n<li>Der Einstieg in die theoretische Ausbildung ist jederzeit m\u00f6glich.Die praktische Ausbildung erfolgt in Absprache mit dem gew\u00fcnschten Fahrlehrer.<\/li>\n<li>Wir bieten die Weiterbildung sowie die beschleunigte Grundqualifikation nach dem Berufskraftfahrer-Qualifikationsgesetz (BKrFQG) f\u00fcr Lkw und KOM an.<\/li>\n<li>Wenn Sie noch weitere Fragen zu Ihrer F\u00fchrerscheinausbildung haben, dann rufen Sie einfach bei uns an, schauen pers\u00f6nlich bei uns vorbei.<\/li>\n<li><strong>Ihre Anmeldung nehmen wir im B\u00fcro, Gr\u00fcnaer Weg 10 in J\u00fcterbog von Mo.-Fr. 08:00 Uhr &#8211; 18:00 Uhr entgegen.<\/strong><\/li>\n<\/ul>\n<p><strong>Wir freuen uns auf Euch !<\/strong><\/p>\n<p><a href=\"https:\/\/www.a-reich.de\/wp-content\/uploads\/2023\/03\/AGB_s_Fahrschule.pdf\" target=\"_blank\" rel=\"noopener\">Es gelten die Allgemeinen Gesch\u00e4ftsbedingungen f\u00fcr die Fahrschulausbildung<\/a><\/p>\n<p>&nbsp;<\/p>\n<p>[\/et_pb_blurb][\/et_pb_column][et_pb_column type=&#8220;2_5&#8243; _builder_version=&#8220;4.20.2&#8243; _module_preset=&#8220;default&#8220; global_colors_info=&#8220;{}&#8220;][et_pb_image src=&#8220;https:\/\/www.a-reich.de\/wp-content\/uploads\/2023\/03\/Klasse-B_2022.jpg&#8220; title_text=&#8220;Klasse B_2022&#8243; _builder_version=&#8220;4.20.2&#8243; _module_preset=&#8220;default&#8220; global_colors_info=&#8220;{}&#8220;][\/et_pb_image][\/et_pb_column][\/et_pb_row][\/et_pb_section]<\/p>\n","protected":false},"excerpt":{"rendered":"<p>Wir bieten die Ausbildung zum Erwerb des F\u00fchrerscheines in allen Klassen (A, B, BE, C\/CE, T und D) an. Auch das \u201eBegleitendes Fahren &#8211; der F\u00fchrerschein mit 17\u201d, die Umschreibung [&hellip;]<\/p>\n","protected":false},"author":1,"featured_media":0,"parent":0,"menu_order":0,"comment_status":"closed","ping_status":"closed","template":"","meta":{"_et_pb_use_builder":"on","_et_pb_old_content":"","_et_gb_content_width":"","footnotes":""},"class_list":["post-205","page","type-page","status-publish","hentry"],"_links":{"self":[{"href":"https:\/\/www.a-reich.de\/index.php\/wp-json\/wp\/v2\/pages\/205","targetHints":{"allow":["GET"]}}],"collection":[{"href":"https:\/\/www.a-reich.de\/index.php\/wp-json\/wp\/v2\/pages"}],"about":[{"href":"https:\/\/www.a-reich.de\/index.php\/wp-json\/wp\/v2\/types\/page"}],"author":[{"embeddable":true,"href":"https:\/\/www.a-reich.de\/index.php\/wp-json\/wp\/v2\/users\/1"}],"replies":[{"embeddable":true,"href":"https:\/\/www.a-reich.de\/index.php\/wp-json\/wp\/v2\/comments?post=205"}],"version-history":[{"count":3,"href":"https:\/\/www.a-reich.de\/index.php\/wp-json\/wp\/v2\/pages\/205\/revisions"}],"predecessor-version":[{"id":216,"href":"https:\/\/www.a-reich.de\/index.php\/wp-json\/wp\/v2\/pages\/205\/revisions\/216"}],"wp:attachment":[{"href":"https:\/\/www.a-reich.de\/index.php\/wp-json\/wp\/v2\/media?parent=205"}],"curies":[{"name":"wp","href":"https:\/\/api.w.org\/{rel}","templated":true}]}}