{"id":160,"date":"2023-03-15T13:54:32","date_gmt":"2023-03-15T13:54:32","guid":{"rendered":"https:\/\/reich.flaemingwerbung.de\/test\/?page_id=160"},"modified":"2023-03-15T14:08:47","modified_gmt":"2023-03-15T14:08:47","slug":"busverkehr","status":"publish","type":"page","link":"https:\/\/www.a-reich.de\/index.php\/busverkehr\/","title":{"rendered":"Busverkehr"},"content":{"rendered":"<p>[et_pb_section fb_built=&#8220;1&#8243; _builder_version=&#8220;4.20.2&#8243; _module_preset=&#8220;default&#8220; custom_padding=&#8220;3px||0px|||&#8220; global_colors_info=&#8220;{}&#8220;][et_pb_row _builder_version=&#8220;4.20.2&#8243; _module_preset=&#8220;default&#8220; custom_padding=&#8220;1px||0px|||&#8220; global_colors_info=&#8220;{}&#8220;][et_pb_column type=&#8220;4_4&#8243; _builder_version=&#8220;4.20.2&#8243; _module_preset=&#8220;default&#8220; global_colors_info=&#8220;{}&#8220;][et_pb_slider _builder_version=&#8220;4.20.2&#8243; _module_preset=&#8220;default&#8220; custom_padding=&#8220;172px|||||&#8220; auto=&#8220;on&#8220; hover_enabled=&#8220;0&#8243; global_colors_info=&#8220;{}&#8220; sticky_enabled=&#8220;0&#8243;][et_pb_slide _builder_version=&#8220;4.20.2&#8243; _module_preset=&#8220;default&#8220; background_enable_color=&#8220;off&#8220; background_image=&#8220;https:\/\/www.a-reich.de\/wp-content\/uploads\/2023\/03\/slider_bus_1.jpg&#8220; background_enable_image=&#8220;on&#8220; background_size=&#8220;initial&#8220; hover_enabled=&#8220;0&#8243; background_last_edited=&#8220;on|phone&#8220; background_size_tablet=&#8220;contain&#8220; global_colors_info=&#8220;{}&#8220; sticky_transition=&#8220;on&#8220; title_text=&#8220;slider_bus_1&#8243; sticky_enabled=&#8220;0&#8243;][\/et_pb_slide][et_pb_slide _builder_version=&#8220;4.20.2&#8243; _module_preset=&#8220;default&#8220; background_enable_color=&#8220;off&#8220; background_image=&#8220;https:\/\/www.a-reich.de\/wp-content\/uploads\/2023\/03\/slider_bus_4.jpg&#8220; background_enable_image=&#8220;on&#8220; background_size=&#8220;initial&#8220; hover_enabled=&#8220;0&#8243; background_last_edited=&#8220;on|desktop&#8220; background_size_tablet=&#8220;contain&#8220; global_colors_info=&#8220;{}&#8220; sticky_transition=&#8220;on&#8220; title_text=&#8220;slider_bus_4&#8243; sticky_enabled=&#8220;0&#8243;][\/et_pb_slide][et_pb_slide _builder_version=&#8220;4.20.2&#8243; _module_preset=&#8220;default&#8220; background_enable_color=&#8220;off&#8220; background_image=&#8220;https:\/\/www.a-reich.de\/wp-content\/uploads\/2023\/03\/slider_bus_2.jpg&#8220; background_enable_image=&#8220;on&#8220; background_size=&#8220;initial&#8220; hover_enabled=&#8220;0&#8243; background_last_edited=&#8220;on|desktop&#8220; background_size_tablet=&#8220;contain&#8220; global_colors_info=&#8220;{}&#8220; sticky_transition=&#8220;on&#8220; title_text=&#8220;slider_bus_2&#8243; sticky_enabled=&#8220;0&#8243;][\/et_pb_slide][et_pb_slide _builder_version=&#8220;4.20.2&#8243; _module_preset=&#8220;default&#8220; background_enable_color=&#8220;off&#8220; background_image=&#8220;https:\/\/www.a-reich.de\/wp-content\/uploads\/2023\/03\/slider_bus_3.jpg&#8220; background_enable_image=&#8220;on&#8220; background_size=&#8220;initial&#8220; hover_enabled=&#8220;0&#8243; background_last_edited=&#8220;on|desktop&#8220; background_size_tablet=&#8220;contain&#8220; global_colors_info=&#8220;{}&#8220; sticky_transition=&#8220;on&#8220; title_text=&#8220;slider_bus_3&#8243; sticky_enabled=&#8220;0&#8243;][\/et_pb_slide][\/et_pb_slider][\/et_pb_column][\/et_pb_row][\/et_pb_section][et_pb_section fb_built=&#8220;1&#8243; _builder_version=&#8220;4.20.2&#8243; _module_preset=&#8220;default&#8220; custom_padding=&#8220;4px||26px|||&#8220; global_colors_info=&#8220;{}&#8220;][et_pb_row _builder_version=&#8220;4.20.2&#8243; _module_preset=&#8220;default&#8220; global_colors_info=&#8220;{}&#8220;][et_pb_column type=&#8220;4_4&#8243; _builder_version=&#8220;4.20.2&#8243; _module_preset=&#8220;default&#8220; global_colors_info=&#8220;{}&#8220;][et_pb_blurb title=&#8220;Busverkehr&#8220; content_max_width=&#8220;1000px&#8220; content_max_width_tablet=&#8220;600px&#8220; content_max_width_phone=&#8220;600px&#8220; content_max_width_last_edited=&#8220;on|phone&#8220; _builder_version=&#8220;4.20.2&#8243; _module_preset=&#8220;default&#8220; header_level=&#8220;h1&#8243; header_font=&#8220;|||on|||||&#8220; header_text_align=&#8220;center&#8220; hover_enabled=&#8220;0&#8243; global_colors_info=&#8220;{}&#8220; sticky_enabled=&#8220;0&#8243;]<\/p>\n<div><\/div>\n<div style=\"text-align: center;\">\n<hr \/>\n<\/div>\n<p>&nbsp;<\/p>\n<p><strong>Im Jahr 2020 bef\u00f6rderten wir<\/strong> <strong>\u00fcber<\/strong> <strong>900.000<\/strong><span style=\"color: #ff0000;\">\u00a0<\/span> <strong>Personen.<\/strong><\/p>\n<ul>\n<li>Gro\u00dfen Wert legen wir auf <strong>Sicherheit<\/strong>, daf\u00fcr finden regelm\u00e4\u00dfige technische \u00dcberpr\u00fcfungen unserer Busse statt.<\/li>\n<li>Dank <strong>Nichtraucherbusse<\/strong> herrscht ein gutes Reiseklima an Bord, um aber auch den Rauchern gerecht zu werden legen unsere Busfahrer regelm\u00e4\u00dfig Pausen ein.<\/li>\n<li>Unsere <strong>Busfahrer<\/strong> sind gut ausgebildet, erfahren und freundlich, stets wachsam und halten sich streng an die gesetzlich vorgeschriebenen Lenk- &amp; Ruhezeiten, sowie an die StVO.<\/li>\n<li>F\u00fcr Vereinsfahrten, Auftragsfahrten, Sch\u00fclerfahrten, Tagesfahrten und Ferienzielreisen innerhalb Deutschlands und im europ\u00e4ischen Ausland stehen Ihnen unsere Reisebusse zur Verf\u00fcgung.<\/li>\n<li>Gerne organisieren wir den Ausflug mit Ihrem Verein oder Betrieb, stellen Ihnen ein Programm ganz nach Ihren W\u00fcnschen und Vorstellungen zusammen.<\/li>\n<li>Hochzeiten, Familienfeiern, Tagesfahrten, Stadtrundfahrten oder Ausfl\u00fcge in die Umgebung sind die idealen Anl\u00e4sse f\u00fcr unseren Busmietservice.<\/li>\n<li>In Zusammenarbeit mit den M\u00e4rkischen Sch\u00fclerreisen aus Bernau (<a href=\"http:\/\/www.maerkische-schuelerreisen.de\/\" target=\"_blank\" rel=\"noopener noreferrer\">www.maerkische-schuelerreisen.de<\/a>) bieten wir auch Sprachreisen, u.a. in Gastfamilien an. Infos erhalten Sie unter 03372 \/ 404677. Wir freuen uns auf Ihre Anfragen und organisieren gern Ihre n\u00e4chste Klassen- oder Studienfahrt z.B. nach Frankreich, England oder Irland.<\/li>\n<\/ul>\n<p><img style=\"float: right;\" src=https:\/\/www.a-reich.de\/wp-content\/uploads\/2023\/03\/schlerreisen150x200-e1678888915546.png alt=\"\" width=\"127\" height=\"95\" \/><\/p>\n<p>&nbsp;<\/p>\n<p>Bitte senden Sie Ihre Anfrage an <a href=\"mailto:busreisen@a-reich.com\">busreisen@a-reich.com <\/a><br \/>\noder rufen Sie uns unter 03372 \/ 404677 an und lassen Sie sich Ihr individuelles Angebot erstellen.[\/et_pb_blurb][\/et_pb_column][\/et_pb_row][\/et_pb_section]<\/p>\n","protected":false},"excerpt":{"rendered":"<p>&nbsp; Im Jahr 2020 bef\u00f6rderten wir \u00fcber 900.000\u00a0 Personen. Gro\u00dfen Wert legen wir auf Sicherheit, daf\u00fcr finden regelm\u00e4\u00dfige technische \u00dcberpr\u00fcfungen unserer Busse statt. Dank Nichtraucherbusse herrscht ein gutes Reiseklima an [&hellip;]<\/p>\n","protected":false},"author":1,"featured_media":0,"parent":0,"menu_order":0,"comment_status":"closed","ping_status":"closed","template":"","meta":{"_et_pb_use_builder":"on","_et_pb_old_content":"","_et_gb_content_width":"","footnotes":""},"class_list":["post-160","page","type-page","status-publish","hentry"],"_links":{"self":[{"href":"https:\/\/www.a-reich.de\/index.php\/wp-json\/wp\/v2\/pages\/160","targetHints":{"allow":["GET"]}}],"collection":[{"href":"https:\/\/www.a-reich.de\/index.php\/wp-json\/wp\/v2\/pages"}],"about":[{"href":"https:\/\/www.a-reich.de\/index.php\/wp-json\/wp\/v2\/types\/page"}],"author":[{"embeddable":true,"href":"https:\/\/www.a-reich.de\/index.php\/wp-json\/wp\/v2\/users\/1"}],"replies":[{"embeddable":true,"href":"https:\/\/www.a-reich.de\/index.php\/wp-json\/wp\/v2\/comments?post=160"}],"version-history":[{"count":2,"href":"https:\/\/www.a-reich.de\/index.php\/wp-json\/wp\/v2\/pages\/160\/revisions"}],"predecessor-version":[{"id":168,"href":"https:\/\/www.a-reich.de\/index.php\/wp-json\/wp\/v2\/pages\/160\/revisions\/168"}],"wp:attachment":[{"href":"https:\/\/www.a-reich.de\/index.php\/wp-json\/wp\/v2\/media?parent=160"}],"curies":[{"name":"wp","href":"https:\/\/api.w.org\/{rel}","templated":true}]}}